{"id":14358,"date":"2024-11-19T14:49:11","date_gmt":"2024-11-19T19:49:11","guid":{"rendered":"https:\/\/www.tcfquebec.com\/entrainement\/?post_type=product&#038;p=14358"},"modified":"2026-01-04T11:30:10","modified_gmt":"2026-01-04T16:30:10","slug":"gold","status":"publish","type":"product","link":"https:\/\/www.tcfquebec.com\/entrainement\/plans\/gold\/","title":{"rendered":"Gold"},"content":{"rendered":"<p><span style=\"font-size: 14pt;\"><strong>Des Tests Identiques au TCF Qu\u00e9bec :<\/strong><\/span><br \/>\n<span style=\"font-size: 14pt;\">Acc\u00e9dez \u00e0 des tests d\u00e9velopp\u00e9s par de v\u00e9ritables examinateurs et r\u00e9dacteurs certifi\u00e9s. Nos tests suivent rigoureusement le format officiel du TCF Qu\u00e9bec, sans aucune diff\u00e9rence au niveau :<\/span><\/p>\n<ul>\n<li><span style=\"font-size: 14pt;\">Le contenu<\/span><\/li>\n<li><span style=\"font-size: 14pt;\">La dur\u00e9e des \u00e9preuves<\/span><\/li>\n<li><span style=\"font-size: 14pt;\">La structure des tests<\/span><\/li>\n<li><span style=\"font-size: 14pt;\">La notation<\/span><\/li>\n<li><span style=\"font-size: 14pt;\">Les types de questions<\/span><\/li>\n<\/ul>\n","protected":false},"excerpt":{"rendered":"<p><strong>Pr\u00e9paration Essentielle au TCF Qu\u00e9bec &#8211; Version 2025 :<\/strong><\/p>\n<ul>\n<li><strong>Compr\u00e9hension Orale :<\/strong> 11 Tests Complets.<\/li>\n<li><strong>Compr\u00e9hension \u00c9crite :<\/strong> 13 Tests Complets.<\/li>\n<li><strong>Expression Orale:<\/strong> Exemples niveau C1-C2.<\/li>\n<li><strong>Expression \u00c9crite:<\/strong> Exemples niveau C1-C2.<\/li>\n<li><strong>Mise \u00e0 Jour :<\/strong> Align\u00e9 avec la version 2026 du TCF Qu\u00e9bec.<\/li>\n<\/ul>\n<p><strong>Acc\u00e8s :<\/strong> 2 Mois d\u2019acc\u00e8s complet, disponible sur tous vos appareils.<\/p>\n","protected":false},"featured_media":14359,"comment_status":"open","ping_status":"closed","template":"","meta":{"site-sidebar-layout":"default","site-content-layout":"","ast-site-content-layout":"default","site-content-style":"default","site-sidebar-style":"default","ast-global-header-display":"","ast-banner-title-visibility":"","ast-main-header-display":"","ast-hfb-above-header-display":"","ast-hfb-below-header-display":"","ast-hfb-mobile-header-display":"","site-post-title":"","ast-breadcrumbs-content":"","ast-featured-img":"","footer-sml-layout":"","ast-disable-related-posts":"","theme-transparent-header-meta":"default","adv-header-id-meta":"","stick-header-meta":"","header-above-stick-meta":"","header-main-stick-meta":"","header-below-stick-meta":"","astra-migrate-meta-layouts":"set","ast-page-background-enabled":"default","ast-page-background-meta":{"desktop":{"background-color":"var(--ast-global-color-4)","background-image":"","background-repeat":"repeat","background-position":"center center","background-size":"auto","background-attachment":"scroll","background-type":"","background-media":"","overlay-type":"","overlay-color":"","overlay-opacity":"","overlay-gradient":""},"tablet":{"background-color":"","background-image":"","background-repeat":"repeat","background-position":"center center","background-size":"auto","background-attachment":"scroll","background-type":"","background-media":"","overlay-type":"","overlay-color":"","overlay-opacity":"","overlay-gradient":""},"mobile":{"background-color":"","background-image":"","background-repeat":"repeat","background-position":"center center","background-size":"auto","background-attachment":"scroll","background-type":"","background-media":"","overlay-type":"","overlay-color":"","overlay-opacity":"","overlay-gradient":""}},"ast-content-background-meta":{"desktop":{"background-color":"var(--ast-global-color-5)","background-image":"","background-repeat":"repeat","background-position":"center center","background-size":"auto","background-attachment":"scroll","background-type":"","background-media":"","overlay-type":"","overlay-color":"","overlay-opacity":"","overlay-gradient":""},"tablet":{"background-color":"var(--ast-global-color-5)","background-image":"","background-repeat":"repeat","background-position":"center center","background-size":"auto","background-attachment":"scroll","background-type":"","background-media":"","overlay-type":"","overlay-color":"","overlay-opacity":"","overlay-gradient":""},"mobile":{"background-color":"var(--ast-global-color-5)","background-image":"","background-repeat":"repeat","background-position":"center center","background-size":"auto","background-attachment":"scroll","background-type":"","background-media":"","overlay-type":"","overlay-color":"","overlay-opacity":"","overlay-gradient":""}}},"product_brand":[],"product_cat":[26],"product_tag":[],"class_list":{"0":"post-14358","1":"product","2":"type-product","3":"status-publish","4":"has-post-thumbnail","6":"product_cat-tcf-quebec-preparation","7":"desktop-align-left","8":"tablet-align-left","9":"mobile-align-left","11":"first","12":"instock","13":"sale","14":"virtual","15":"sold-individually","16":"purchasable","17":"product-type-simple"},"_links":{"self":[{"href":"https:\/\/www.tcfquebec.com\/entrainement\/wp-json\/wp\/v2\/product\/14358","targetHints":{"allow":["GET"]}}],"collection":[{"href":"https:\/\/www.tcfquebec.com\/entrainement\/wp-json\/wp\/v2\/product"}],"about":[{"href":"https:\/\/www.tcfquebec.com\/entrainement\/wp-json\/wp\/v2\/types\/product"}],"replies":[{"embeddable":true,"href":"https:\/\/www.tcfquebec.com\/entrainement\/wp-json\/wp\/v2\/comments?post=14358"}],"wp:featuredmedia":[{"embeddable":true,"href":"https:\/\/www.tcfquebec.com\/entrainement\/wp-json\/wp\/v2\/media\/14359"}],"wp:attachment":[{"href":"https:\/\/www.tcfquebec.com\/entrainement\/wp-json\/wp\/v2\/media?parent=14358"}],"wp:term":[{"taxonomy":"product_brand","embeddable":true,"href":"https:\/\/www.tcfquebec.com\/entrainement\/wp-json\/wp\/v2\/product_brand?post=14358"},{"taxonomy":"product_cat","embeddable":true,"href":"https:\/\/www.tcfquebec.com\/entrainement\/wp-json\/wp\/v2\/product_cat?post=14358"},{"taxonomy":"product_tag","embeddable":true,"href":"https:\/\/www.tcfquebec.com\/entrainement\/wp-json\/wp\/v2\/product_tag?post=14358"}],"curies":[{"name":"wp","href":"https:\/\/api.w.org\/{rel}","templated":true}]}}